{"id":1456,"date":"2024-08-11T12:30:54","date_gmt":"2024-08-11T12:30:54","guid":{"rendered":"https:\/\/sheets.market\/?post_type=product&#038;p=1456"},"modified":"2026-03-13T23:16:11","modified_gmt":"2026-03-13T23:16:11","slug":"analyse-des-etats-financiers-modele-financier-2-ans-copie","status":"publish","type":"product","link":"https:\/\/sheets.market\/fr\/product\/financial-statement-analysis-financial-model-2-years-copy\/","title":{"rendered":"Analyse des \u00e9tats financiers Mod\u00e8le financier \u2013 2 ans"},"content":{"rendered":"<p class=\"geo-tldr\"><strong>The Financial Statement Analysis Template is a professional Excel model that helps entrepreneurs create investor-ready financial health reports with key ratios and 2-year trend analysis in under 2 hours without needing finance expertise.<\/strong><\/p>\n<p>Most entrepreneurs struggle to present their company&#8217;s financial health in a way that impresses investors and lenders &#8211; raw financial statements tell numbers, but they don&#8217;t tell the story behind those numbers. Financial statement analysis refers to the systematic evaluation of a company&#8217;s financial data through key ratios and metrics that reveal profitability, liquidity, efficiency, and growth trends over time. With this template, you can transform basic financial statements into professional analysis that demonstrates financial sophistication and builds credibility with banks, investors, and potential acquirers.<\/p>\n<p><strong>Commencez \u00e0 utiliser notre mod\u00e8le d&#039;analyse des \u00e9tats financiers d\u00e8s aujourd&#039;hui et obtenez des informations pr\u00e9cieuses sur les performances financi\u00e8res de votre entreprise.<\/strong> Gr\u00e2ce \u00e0 des calculs de ratios automatis\u00e9s et \u00e0 des graphiques dynamiques, cet outil simplifie l&#039;analyse financi\u00e8re complexe, la rendant accessible aux utilisateurs de tout niveau d&#039;expertise.<\/p>\n<p>Trouver des mod\u00e8les suppl\u00e9mentaires <strong><a href=\"https:\/\/sheets.market\/fr\/modeles-financiers-excel\/\">ici<\/a><\/strong>.<\/p>","protected":false},"excerpt":{"rendered":"<p>The Financial Statement Analysis Template helps entrepreneurs and small business owners create professional financial health reports that impress investors and lenders without needing an accounting background. Reviewed by professionals from leading global strategy consulting and investment banking firms, it generates investor-ready financial analysis with key ratios and insights in under 2 hours.<\/p>","protected":false},"featured_media":1458,"template":"","meta":[],"product_brand":[],"product_cat":[55],"product_tag":[75],"what-is-included":[49,48,52,78,50,79,47],"prod-file-type":[],"class_list":{"0":"post-1456","1":"product","2":"type-product","3":"status-publish","4":"has-post-thumbnail","6":"product_cat-other","7":"product_tag-corporate-finance","8":"what-is-included-5-year-revenue-and-costs-projection","9":"what-is-included-business-valuation","10":"what-is-included-charts-and-dashboards","11":"what-is-included-financial-ratio-analysis","12":"what-is-included-free-email-support","13":"what-is-included-historical-fundamental-data","14":"what-is-included-pro-forma-financial-statements","16":"first","17":"instock","18":"sale","19":"downloadable","20":"virtual","21":"sold-individually","22":"taxable","23":"purchasable","24":"product-type-simple"},"yoast_head":"<!-- This site is optimized with the Yoast SEO plugin v27.4 - https:\/\/yoast.com\/product\/yoast-seo-wordpress\/ -->\n<title>Financial Statement Analysis Financial Model - 2 Years - Sheets.Market<\/title>\n<meta name=\"description\" content=\"Explore our Financial Statement Analysis Model, crafted to help you effectively showcase your company\u2019s financial health to investors and stakeholders.\" \/>\n<meta name=\"robots\" content=\"index, follow, max-snippet:-1, max-image-preview:large, max-video-preview:-1\" \/>\n<link rel=\"canonical\" href=\"https:\/\/sheets.market\/fr\/product\/analyse-des-etats-financiers-modele-financier-2-ans-copie\/\" \/>\n<meta property=\"og:locale\" content=\"fr_FR\" \/>\n<meta property=\"og:type\" content=\"article\" \/>\n<meta property=\"og:title\" content=\"Financial Statement Analysis Financial Model - 2 Years - Sheets.Market\" \/>\n<meta property=\"og:description\" content=\"Explore our Financial Statement Analysis Model, crafted to help you effectively showcase your company\u2019s financial health to investors and stakeholders.\" \/>\n<meta property=\"og:url\" content=\"https:\/\/sheets.market\/fr\/product\/analyse-des-etats-financiers-modele-financier-2-ans-copie\/\" \/>\n<meta property=\"og:site_name\" content=\"Sheets.Market\" \/>\n<meta property=\"article:modified_time\" content=\"2026-03-13T23:16:11+00:00\" \/>\n<meta property=\"og:image\" content=\"https:\/\/sheets.market\/wp-content\/uploads\/2024\/08\/FSA-Screenshot-2.png\" \/>\n\t<meta property=\"og:image:width\" content=\"1918\" \/>\n\t<meta property=\"og:image:height\" content=\"1005\" \/>\n\t<meta property=\"og:image:type\" content=\"image\/png\" \/>\n<meta name=\"twitter:card\" content=\"summary_large_image\" \/>\n<meta name=\"twitter:label1\" content=\"Dur\u00e9e de lecture estim\u00e9e\" \/>\n\t<meta name=\"twitter:data1\" content=\"6 minutes\" \/>\n<script type=\"application\/ld+json\" class=\"yoast-schema-graph\">{\"@context\":\"https:\\\/\\\/schema.org\",\"@graph\":[{\"@type\":\"WebPage\",\"@id\":\"https:\\\/\\\/sheets.market\\\/product\\\/financial-statement-analysis-financial-model-2-years-copy\\\/\",\"url\":\"https:\\\/\\\/sheets.market\\\/product\\\/financial-statement-analysis-financial-model-2-years-copy\\\/\",\"name\":\"Financial Statement Analysis Financial Model - 2 Years - Sheets.Market\",\"isPartOf\":{\"@id\":\"https:\\\/\\\/sheets.market\\\/#website\"},\"primaryImageOfPage\":{\"@id\":\"https:\\\/\\\/sheets.market\\\/product\\\/financial-statement-analysis-financial-model-2-years-copy\\\/#primaryimage\"},\"image\":{\"@id\":\"https:\\\/\\\/sheets.market\\\/product\\\/financial-statement-analysis-financial-model-2-years-copy\\\/#primaryimage\"},\"thumbnailUrl\":\"https:\\\/\\\/sheets.market\\\/wp-content\\\/uploads\\\/2024\\\/08\\\/FSA-Screenshot-2.png\",\"datePublished\":\"2024-08-11T12:30:54+00:00\",\"dateModified\":\"2026-03-13T23:16:11+00:00\",\"description\":\"Explore our Financial Statement Analysis Model, crafted to help you effectively showcase your company\u2019s financial health to investors and stakeholders.\",\"breadcrumb\":{\"@id\":\"https:\\\/\\\/sheets.market\\\/product\\\/financial-statement-analysis-financial-model-2-years-copy\\\/#breadcrumb\"},\"inLanguage\":\"fr-FR\",\"potentialAction\":[{\"@type\":\"ReadAction\",\"target\":[\"https:\\\/\\\/sheets.market\\\/product\\\/financial-statement-analysis-financial-model-2-years-copy\\\/\"]}]},{\"@type\":\"ImageObject\",\"inLanguage\":\"fr-FR\",\"@id\":\"https:\\\/\\\/sheets.market\\\/product\\\/financial-statement-analysis-financial-model-2-years-copy\\\/#primaryimage\",\"url\":\"https:\\\/\\\/sheets.market\\\/wp-content\\\/uploads\\\/2024\\\/08\\\/FSA-Screenshot-2.png\",\"contentUrl\":\"https:\\\/\\\/sheets.market\\\/wp-content\\\/uploads\\\/2024\\\/08\\\/FSA-Screenshot-2.png\",\"width\":1918,\"height\":1005,\"caption\":\"Screenshot of our financial statement analysis financial model template to assess the financial health of a company for a period of 2 years.\"},{\"@type\":\"BreadcrumbList\",\"@id\":\"https:\\\/\\\/sheets.market\\\/product\\\/financial-statement-analysis-financial-model-2-years-copy\\\/#breadcrumb\",\"itemListElement\":[{\"@type\":\"ListItem\",\"position\":1,\"name\":\"Home\",\"item\":\"https:\\\/\\\/sheets.market\\\/\"},{\"@type\":\"ListItem\",\"position\":2,\"name\":\"Financial Model Templates Shop\",\"item\":\"https:\\\/\\\/sheets.market\\\/es\\\/comercio\\\/\"},{\"@type\":\"ListItem\",\"position\":3,\"name\":\"Financial Statement Analysis Financial Model &#8211; 2 Years\"}]},{\"@type\":\"WebSite\",\"@id\":\"https:\\\/\\\/sheets.market\\\/#website\",\"url\":\"https:\\\/\\\/sheets.market\\\/\",\"name\":\"Sheets.Market\",\"description\":\"Financial Models and Business Plans\",\"publisher\":{\"@id\":\"https:\\\/\\\/sheets.market\\\/#organization\"},\"potentialAction\":[{\"@type\":\"SearchAction\",\"target\":{\"@type\":\"EntryPoint\",\"urlTemplate\":\"https:\\\/\\\/sheets.market\\\/?s={search_term_string}\"},\"query-input\":{\"@type\":\"PropertyValueSpecification\",\"valueRequired\":true,\"valueName\":\"search_term_string\"}}],\"inLanguage\":\"fr-FR\"},{\"@type\":\"Organization\",\"@id\":\"https:\\\/\\\/sheets.market\\\/#organization\",\"name\":\"Sheets.Market\",\"url\":\"https:\\\/\\\/sheets.market\\\/\",\"logo\":{\"@type\":\"ImageObject\",\"inLanguage\":\"fr-FR\",\"@id\":\"https:\\\/\\\/sheets.market\\\/#\\\/schema\\\/logo\\\/image\\\/\",\"url\":\"https:\\\/\\\/sheets.market\\\/wp-content\\\/uploads\\\/2024\\\/06\\\/Color-logo-no-background.png?wsr\",\"contentUrl\":\"https:\\\/\\\/sheets.market\\\/wp-content\\\/uploads\\\/2024\\\/06\\\/Color-logo-no-background.png?wsr\",\"width\":1181,\"height\":136,\"caption\":\"Sheets.Market\"},\"image\":{\"@id\":\"https:\\\/\\\/sheets.market\\\/#\\\/schema\\\/logo\\\/image\\\/\"}}]}<\/script>\n<!-- \/ Yoast SEO plugin. -->","yoast_head_json":{"title":"Analyse des \u00e9tats financiers - Mod\u00e8le financier - 2 ans - Sheets.Market","description":"D\u00e9couvrez notre mod\u00e8le d\u2019analyse des \u00e9tats financiers, con\u00e7u pour vous aider \u00e0 pr\u00e9senter efficacement la sant\u00e9 financi\u00e8re de votre entreprise aux investisseurs et aux parties prenantes.","robots":{"index":"index","follow":"follow","max-snippet":"max-snippet:-1","max-image-preview":"max-image-preview:large","max-video-preview":"max-video-preview:-1"},"canonical":"https:\/\/sheets.market\/fr\/product\/analyse-des-etats-financiers-modele-financier-2-ans-copie\/","og_locale":"fr_FR","og_type":"article","og_title":"Financial Statement Analysis Financial Model - 2 Years - Sheets.Market","og_description":"Explore our Financial Statement Analysis Model, crafted to help you effectively showcase your company\u2019s financial health to investors and stakeholders.","og_url":"https:\/\/sheets.market\/fr\/product\/analyse-des-etats-financiers-modele-financier-2-ans-copie\/","og_site_name":"Sheets.Market","article_modified_time":"2026-03-13T23:16:11+00:00","og_image":[{"width":1918,"height":1005,"url":"https:\/\/sheets.market\/wp-content\/uploads\/2024\/08\/FSA-Screenshot-2.png","type":"image\/png"}],"twitter_card":"summary_large_image","twitter_misc":{"Dur\u00e9e de lecture estim\u00e9e":"6 minutes"},"schema":{"@context":"https:\/\/schema.org","@graph":[{"@type":"WebPage","@id":"https:\/\/sheets.market\/product\/financial-statement-analysis-financial-model-2-years-copy\/","url":"https:\/\/sheets.market\/product\/financial-statement-analysis-financial-model-2-years-copy\/","name":"Analyse des \u00e9tats financiers - Mod\u00e8le financier - 2 ans - Sheets.Market","isPartOf":{"@id":"https:\/\/sheets.market\/#website"},"primaryImageOfPage":{"@id":"https:\/\/sheets.market\/product\/financial-statement-analysis-financial-model-2-years-copy\/#primaryimage"},"image":{"@id":"https:\/\/sheets.market\/product\/financial-statement-analysis-financial-model-2-years-copy\/#primaryimage"},"thumbnailUrl":"https:\/\/sheets.market\/wp-content\/uploads\/2024\/08\/FSA-Screenshot-2.png","datePublished":"2024-08-11T12:30:54+00:00","dateModified":"2026-03-13T23:16:11+00:00","description":"D\u00e9couvrez notre mod\u00e8le d\u2019analyse des \u00e9tats financiers, con\u00e7u pour vous aider \u00e0 pr\u00e9senter efficacement la sant\u00e9 financi\u00e8re de votre entreprise aux investisseurs et aux parties prenantes.","breadcrumb":{"@id":"https:\/\/sheets.market\/product\/financial-statement-analysis-financial-model-2-years-copy\/#breadcrumb"},"inLanguage":"fr-FR","potentialAction":[{"@type":"ReadAction","target":["https:\/\/sheets.market\/product\/financial-statement-analysis-financial-model-2-years-copy\/"]}]},{"@type":"ImageObject","inLanguage":"fr-FR","@id":"https:\/\/sheets.market\/product\/financial-statement-analysis-financial-model-2-years-copy\/#primaryimage","url":"https:\/\/sheets.market\/wp-content\/uploads\/2024\/08\/FSA-Screenshot-2.png","contentUrl":"https:\/\/sheets.market\/wp-content\/uploads\/2024\/08\/FSA-Screenshot-2.png","width":1918,"height":1005,"caption":"Screenshot of our financial statement analysis financial model template to assess the financial health of a company for a period of 2 years."},{"@type":"BreadcrumbList","@id":"https:\/\/sheets.market\/product\/financial-statement-analysis-financial-model-2-years-copy\/#breadcrumb","itemListElement":[{"@type":"ListItem","position":1,"name":"Home","item":"https:\/\/sheets.market\/"},{"@type":"ListItem","position":2,"name":"Financial Model Templates Shop","item":"https:\/\/sheets.market\/es\/comercio\/"},{"@type":"ListItem","position":3,"name":"Financial Statement Analysis Financial Model &#8211; 2 Years"}]},{"@type":"WebSite","@id":"https:\/\/sheets.market\/#website","url":"https:\/\/sheets.market\/","name":"Sheets.Market","description":"Mod\u00e8les financiers et plans d&#039;affaires","publisher":{"@id":"https:\/\/sheets.market\/#organization"},"potentialAction":[{"@type":"SearchAction","target":{"@type":"EntryPoint","urlTemplate":"https:\/\/sheets.market\/?s={search_term_string}"},"query-input":{"@type":"PropertyValueSpecification","valueRequired":true,"valueName":"search_term_string"}}],"inLanguage":"fr-FR"},{"@type":"Organization","@id":"https:\/\/sheets.market\/#organization","name":"Sheets.Market","url":"https:\/\/sheets.market\/","logo":{"@type":"ImageObject","inLanguage":"fr-FR","@id":"https:\/\/sheets.market\/#\/schema\/logo\/image\/","url":"https:\/\/sheets.market\/wp-content\/uploads\/2024\/06\/Color-logo-no-background.png?wsr","contentUrl":"https:\/\/sheets.market\/wp-content\/uploads\/2024\/06\/Color-logo-no-background.png?wsr","width":1181,"height":136,"caption":"Sheets.Market"},"image":{"@id":"https:\/\/sheets.market\/#\/schema\/logo\/image\/"}}]}},"_links":{"self":[{"href":"https:\/\/sheets.market\/fr\/wp-json\/wp\/v2\/product\/1456","targetHints":{"allow":["GET"]}}],"collection":[{"href":"https:\/\/sheets.market\/fr\/wp-json\/wp\/v2\/product"}],"about":[{"href":"https:\/\/sheets.market\/fr\/wp-json\/wp\/v2\/types\/product"}],"wp:featuredmedia":[{"embeddable":true,"href":"https:\/\/sheets.market\/fr\/wp-json\/wp\/v2\/media\/1458"}],"wp:attachment":[{"href":"https:\/\/sheets.market\/fr\/wp-json\/wp\/v2\/media?parent=1456"}],"wp:term":[{"taxonomy":"product_brand","embeddable":true,"href":"https:\/\/sheets.market\/fr\/wp-json\/wp\/v2\/product_brand?post=1456"},{"taxonomy":"product_cat","embeddable":true,"href":"https:\/\/sheets.market\/fr\/wp-json\/wp\/v2\/product_cat?post=1456"},{"taxonomy":"product_tag","embeddable":true,"href":"https:\/\/sheets.market\/fr\/wp-json\/wp\/v2\/product_tag?post=1456"},{"taxonomy":"what-is-included","embeddable":true,"href":"https:\/\/sheets.market\/fr\/wp-json\/wp\/v2\/what-is-included?post=1456"},{"taxonomy":"prod-file-type","embeddable":true,"href":"https:\/\/sheets.market\/fr\/wp-json\/wp\/v2\/prod-file-type?post=1456"}],"curies":[{"name":"wp","href":"https:\/\/api.w.org\/{rel}","templated":true}]}}