{"id":10,"date":"2024-06-04T08:45:01","date_gmt":"2024-06-04T08:45:01","guid":{"rendered":"https:\/\/sheets.market\/cart\/"},"modified":"2024-07-29T19:22:59","modified_gmt":"2024-07-29T19:22:59","slug":"chariot","status":"publish","type":"page","link":"https:\/\/sheets.market\/fr\/cart\/","title":{"rendered":"Panier"},"content":{"rendered":"","protected":false},"excerpt":{"rendered":"","protected":false},"author":1,"featured_media":0,"parent":0,"menu_order":0,"comment_status":"closed","ping_status":"closed","template":"","meta":{"footnotes":""},"class_list":["post-10","page","type-page","status-publish","hentry"],"yoast_head":"<!-- This site is optimized with the Yoast SEO plugin v27.5 - https:\/\/yoast.com\/product\/yoast-seo-wordpress\/ -->\n<title>Cart - Sheets.Market<\/title>\n<meta name=\"description\" content=\"Shop our financial model templates tailored for various industries. Easily customize and purchase financial plans to impress investors and secure funding.\" \/>\n<meta name=\"robots\" content=\"index, follow, max-snippet:-1, max-image-preview:large, max-video-preview:-1\" \/>\n<link rel=\"canonical\" href=\"https:\/\/sheets.market\/fr\/chariot\/\" \/>\n<meta property=\"og:locale\" content=\"fr_FR\" \/>\n<meta property=\"og:type\" content=\"article\" \/>\n<meta property=\"og:title\" content=\"Cart - Sheets.Market\" \/>\n<meta property=\"og:description\" content=\"Shop our financial model templates tailored for various industries. Easily customize and purchase financial plans to impress investors and secure funding.\" \/>\n<meta property=\"og:url\" content=\"https:\/\/sheets.market\/fr\/chariot\/\" \/>\n<meta property=\"og:site_name\" content=\"Sheets.Market\" \/>\n<meta property=\"article:modified_time\" content=\"2024-07-29T19:22:59+00:00\" \/>\n<meta name=\"twitter:card\" content=\"summary_large_image\" \/>\n<meta name=\"twitter:label1\" content=\"Dur\u00e9e de lecture estim\u00e9e\" \/>\n\t<meta name=\"twitter:data1\" content=\"1 minute\" \/>\n<script type=\"application\/ld+json\" class=\"yoast-schema-graph\">{\"@context\":\"https:\\\/\\\/schema.org\",\"@graph\":[{\"@type\":\"WebPage\",\"@id\":\"https:\\\/\\\/sheets.market\\\/cart\\\/\",\"url\":\"https:\\\/\\\/sheets.market\\\/cart\\\/\",\"name\":\"Cart - Sheets.Market\",\"isPartOf\":{\"@id\":\"https:\\\/\\\/sheets.market\\\/#website\"},\"datePublished\":\"2024-06-04T08:45:01+00:00\",\"dateModified\":\"2024-07-29T19:22:59+00:00\",\"description\":\"Shop our financial model templates tailored for various industries. Easily customize and purchase financial plans to impress investors and secure funding.\",\"breadcrumb\":{\"@id\":\"https:\\\/\\\/sheets.market\\\/cart\\\/#breadcrumb\"},\"inLanguage\":\"fr-FR\",\"potentialAction\":[{\"@type\":\"ReadAction\",\"target\":[\"https:\\\/\\\/sheets.market\\\/cart\\\/\"]}]},{\"@type\":\"BreadcrumbList\",\"@id\":\"https:\\\/\\\/sheets.market\\\/cart\\\/#breadcrumb\",\"itemListElement\":[{\"@type\":\"ListItem\",\"position\":1,\"name\":\"Home\",\"item\":\"https:\\\/\\\/sheets.market\\\/\"},{\"@type\":\"ListItem\",\"position\":2,\"name\":\"Cart\"}]},{\"@type\":\"WebSite\",\"@id\":\"https:\\\/\\\/sheets.market\\\/#website\",\"url\":\"https:\\\/\\\/sheets.market\\\/\",\"name\":\"Sheets.Market\",\"description\":\"Financial Models and Business Plans\",\"publisher\":{\"@id\":\"https:\\\/\\\/sheets.market\\\/#organization\"},\"potentialAction\":[{\"@type\":\"SearchAction\",\"target\":{\"@type\":\"EntryPoint\",\"urlTemplate\":\"https:\\\/\\\/sheets.market\\\/?s={search_term_string}\"},\"query-input\":{\"@type\":\"PropertyValueSpecification\",\"valueRequired\":true,\"valueName\":\"search_term_string\"}}],\"inLanguage\":\"fr-FR\"},{\"@type\":\"Organization\",\"@id\":\"https:\\\/\\\/sheets.market\\\/#organization\",\"name\":\"Sheets.Market\",\"url\":\"https:\\\/\\\/sheets.market\\\/\",\"logo\":{\"@type\":\"ImageObject\",\"inLanguage\":\"fr-FR\",\"@id\":\"https:\\\/\\\/sheets.market\\\/#\\\/schema\\\/logo\\\/image\\\/\",\"url\":\"https:\\\/\\\/sheets.market\\\/wp-content\\\/uploads\\\/2024\\\/06\\\/Color-logo-no-background.png?wsr\",\"contentUrl\":\"https:\\\/\\\/sheets.market\\\/wp-content\\\/uploads\\\/2024\\\/06\\\/Color-logo-no-background.png?wsr\",\"width\":1181,\"height\":136,\"caption\":\"Sheets.Market\"},\"image\":{\"@id\":\"https:\\\/\\\/sheets.market\\\/#\\\/schema\\\/logo\\\/image\\\/\"}}]}<\/script>\n<!-- \/ Yoast SEO plugin. -->","yoast_head_json":{"title":"Panier - Sheets.Market","description":"D\u00e9couvrez nos mod\u00e8les financiers adapt\u00e9s \u00e0 diff\u00e9rents secteurs. Personnalisez et achetez facilement des plans financiers pour impressionner les investisseurs et obtenir des financements.","robots":{"index":"index","follow":"follow","max-snippet":"max-snippet:-1","max-image-preview":"max-image-preview:large","max-video-preview":"max-video-preview:-1"},"canonical":"https:\/\/sheets.market\/fr\/chariot\/","og_locale":"fr_FR","og_type":"article","og_title":"Cart - Sheets.Market","og_description":"Shop our financial model templates tailored for various industries. Easily customize and purchase financial plans to impress investors and secure funding.","og_url":"https:\/\/sheets.market\/fr\/chariot\/","og_site_name":"Sheets.Market","article_modified_time":"2024-07-29T19:22:59+00:00","twitter_card":"summary_large_image","twitter_misc":{"Dur\u00e9e de lecture estim\u00e9e":"1 minute"},"schema":{"@context":"https:\/\/schema.org","@graph":[{"@type":"WebPage","@id":"https:\/\/sheets.market\/cart\/","url":"https:\/\/sheets.market\/cart\/","name":"Panier - Sheets.Market","isPartOf":{"@id":"https:\/\/sheets.market\/#website"},"datePublished":"2024-06-04T08:45:01+00:00","dateModified":"2024-07-29T19:22:59+00:00","description":"D\u00e9couvrez nos mod\u00e8les financiers adapt\u00e9s \u00e0 diff\u00e9rents secteurs. Personnalisez et achetez facilement des plans financiers pour impressionner les investisseurs et obtenir des financements.","breadcrumb":{"@id":"https:\/\/sheets.market\/cart\/#breadcrumb"},"inLanguage":"fr-FR","potentialAction":[{"@type":"ReadAction","target":["https:\/\/sheets.market\/cart\/"]}]},{"@type":"BreadcrumbList","@id":"https:\/\/sheets.market\/cart\/#breadcrumb","itemListElement":[{"@type":"ListItem","position":1,"name":"Home","item":"https:\/\/sheets.market\/"},{"@type":"ListItem","position":2,"name":"Cart"}]},{"@type":"WebSite","@id":"https:\/\/sheets.market\/#website","url":"https:\/\/sheets.market\/","name":"Sheets.Market","description":"Mod\u00e8les financiers et plans d&#039;affaires","publisher":{"@id":"https:\/\/sheets.market\/#organization"},"potentialAction":[{"@type":"SearchAction","target":{"@type":"EntryPoint","urlTemplate":"https:\/\/sheets.market\/?s={search_term_string}"},"query-input":{"@type":"PropertyValueSpecification","valueRequired":true,"valueName":"search_term_string"}}],"inLanguage":"fr-FR"},{"@type":"Organization","@id":"https:\/\/sheets.market\/#organization","name":"Sheets.Market","url":"https:\/\/sheets.market\/","logo":{"@type":"ImageObject","inLanguage":"fr-FR","@id":"https:\/\/sheets.market\/#\/schema\/logo\/image\/","url":"https:\/\/sheets.market\/wp-content\/uploads\/2024\/06\/Color-logo-no-background.png?wsr","contentUrl":"https:\/\/sheets.market\/wp-content\/uploads\/2024\/06\/Color-logo-no-background.png?wsr","width":1181,"height":136,"caption":"Sheets.Market"},"image":{"@id":"https:\/\/sheets.market\/#\/schema\/logo\/image\/"}}]}},"_links":{"self":[{"href":"https:\/\/sheets.market\/fr\/wp-json\/wp\/v2\/pages\/10","targetHints":{"allow":["GET"]}}],"collection":[{"href":"https:\/\/sheets.market\/fr\/wp-json\/wp\/v2\/pages"}],"about":[{"href":"https:\/\/sheets.market\/fr\/wp-json\/wp\/v2\/types\/page"}],"author":[{"embeddable":true,"href":"https:\/\/sheets.market\/fr\/wp-json\/wp\/v2\/users\/1"}],"replies":[{"embeddable":true,"href":"https:\/\/sheets.market\/fr\/wp-json\/wp\/v2\/comments?post=10"}],"version-history":[{"count":1,"href":"https:\/\/sheets.market\/fr\/wp-json\/wp\/v2\/pages\/10\/revisions"}],"predecessor-version":[{"id":979,"href":"https:\/\/sheets.market\/fr\/wp-json\/wp\/v2\/pages\/10\/revisions\/979"}],"wp:attachment":[{"href":"https:\/\/sheets.market\/fr\/wp-json\/wp\/v2\/media?parent=10"}],"curies":[{"name":"wp","href":"https:\/\/api.w.org\/{rel}","templated":true}]}}