{"id":252,"date":"2024-06-18T13:34:59","date_gmt":"2024-06-18T13:34:59","guid":{"rendered":"https:\/\/simplytest.co.za\/excel\/?page_id=252"},"modified":"2024-07-29T19:26:41","modified_gmt":"2024-07-29T19:26:41","slug":"plantillas-de-planes-de-negocios","status":"publish","type":"page","link":"https:\/\/sheets.market\/es\/business-plan-templates\/","title":{"rendered":"Muy pronto"},"content":{"rendered":"<section class=\"section\" id=\"section_1712773932\">\n\t\t<div class=\"bg section-bg fill bg-fill  bg-loaded\" >\n\n\t\t\t\n\t\t\t\n\t\t\t\n\n\t\t<\/div>\n\n\t\t\n\n\t\t<div class=\"section-content relative\">\n\t\t\t\n\n\t<div id=\"gap-1424464057\" class=\"gap-element clearfix\" style=\"display:block; height:auto;\">\n\t\t\n<style>\n#gap-1424464057 {\n  padding-top: 121px;\n}\n<\/style>\n\t<\/div>\n\t\n\n<div class=\"row align-middle align-center\"  id=\"row-1757253991\">\n\n\n\t<div id=\"col-110684648\" class=\"col medium-6 small-12 large-6\"  >\n\t\t\t\t<div class=\"col-inner text-center dark\"  >\n\t\t\t\n\t\t\t\n\n<h4>TRABAJO EN PROGRESO<\/h4>\n<h2>MUY PRONTO<\/h2>\n<p>Lorem ipsum dolor sit amet, consectetur adipisicing elit, sed do eiusmod tempor incididunt ut labore et Lorem ipsum dolor sit amet, consectetur adipisicing elit, sed do eiusmod tempor incididunt ut labore et <\/p>\n\n\n\t\t<\/div>\n\t\t\t\t\t<\/div>\n\n\t\n\n<\/div>\n\t<div id=\"gap-1875568200\" class=\"gap-element clearfix\" style=\"display:block; height:auto;\">\n\t\t\n<style>\n#gap-1875568200 {\n  padding-top: 91px;\n}\n<\/style>\n\t<\/div>\n\t\n\n\n\t\t<\/div>\n\n\t\t\n<style>\n#section_1712773932 {\n  padding-top: 0px;\n  padding-bottom: 0px;\n  background-color: rgb(36, 175, 75);\n}\n<\/style>\n\t<\/section>","protected":false},"excerpt":{"rendered":"","protected":false},"author":1,"featured_media":0,"parent":0,"menu_order":0,"comment_status":"closed","ping_status":"closed","template":"page-blank.php","meta":{"footnotes":""},"class_list":["post-252","page","type-page","status-publish","hentry"],"yoast_head":"<!-- This site is optimized with the Yoast SEO plugin v27.5 - https:\/\/yoast.com\/product\/yoast-seo-wordpress\/ -->\n<title>Coming Soon - Sheets.Market<\/title>\n<meta name=\"description\" content=\"Shop our professional business plan templates tailored for various industries. Customize and purchase high-quality plans to secure investor funding and streamline your business strategy.\" \/>\n<meta name=\"robots\" content=\"index, follow, max-snippet:-1, max-image-preview:large, max-video-preview:-1\" \/>\n<link rel=\"canonical\" href=\"https:\/\/sheets.market\/es\/plantillas-de-planes-de-negocios\/\" \/>\n<meta property=\"og:locale\" content=\"es_ES\" \/>\n<meta property=\"og:type\" content=\"article\" \/>\n<meta property=\"og:title\" content=\"Coming Soon - Sheets.Market\" \/>\n<meta property=\"og:description\" content=\"Shop our professional business plan templates tailored for various industries. Customize and purchase high-quality plans to secure investor funding and streamline your business strategy.\" \/>\n<meta property=\"og:url\" content=\"https:\/\/sheets.market\/es\/plantillas-de-planes-de-negocios\/\" \/>\n<meta property=\"og:site_name\" content=\"Sheets.Market\" \/>\n<meta property=\"article:modified_time\" content=\"2024-07-29T19:26:41+00:00\" \/>\n<meta name=\"twitter:card\" content=\"summary_large_image\" \/>\n<meta name=\"twitter:label1\" content=\"Tiempo de lectura\" \/>\n\t<meta name=\"twitter:data1\" content=\"1 minuto\" \/>\n<script type=\"application\/ld+json\" class=\"yoast-schema-graph\">{\"@context\":\"https:\\\/\\\/schema.org\",\"@graph\":[{\"@type\":\"WebPage\",\"@id\":\"https:\\\/\\\/sheets.market\\\/business-plan-templates\\\/\",\"url\":\"https:\\\/\\\/sheets.market\\\/business-plan-templates\\\/\",\"name\":\"Coming Soon - Sheets.Market\",\"isPartOf\":{\"@id\":\"https:\\\/\\\/sheets.market\\\/#website\"},\"datePublished\":\"2024-06-18T13:34:59+00:00\",\"dateModified\":\"2024-07-29T19:26:41+00:00\",\"description\":\"Shop our professional business plan templates tailored for various industries. Customize and purchase high-quality plans to secure investor funding and streamline your business strategy.\",\"breadcrumb\":{\"@id\":\"https:\\\/\\\/sheets.market\\\/business-plan-templates\\\/#breadcrumb\"},\"inLanguage\":\"es\",\"potentialAction\":[{\"@type\":\"ReadAction\",\"target\":[\"https:\\\/\\\/sheets.market\\\/business-plan-templates\\\/\"]}]},{\"@type\":\"BreadcrumbList\",\"@id\":\"https:\\\/\\\/sheets.market\\\/business-plan-templates\\\/#breadcrumb\",\"itemListElement\":[{\"@type\":\"ListItem\",\"position\":1,\"name\":\"Home\",\"item\":\"https:\\\/\\\/sheets.market\\\/\"},{\"@type\":\"ListItem\",\"position\":2,\"name\":\"Coming Soon\"}]},{\"@type\":\"WebSite\",\"@id\":\"https:\\\/\\\/sheets.market\\\/#website\",\"url\":\"https:\\\/\\\/sheets.market\\\/\",\"name\":\"Sheets.Market\",\"description\":\"Financial Models and Business Plans\",\"publisher\":{\"@id\":\"https:\\\/\\\/sheets.market\\\/#organization\"},\"potentialAction\":[{\"@type\":\"SearchAction\",\"target\":{\"@type\":\"EntryPoint\",\"urlTemplate\":\"https:\\\/\\\/sheets.market\\\/?s={search_term_string}\"},\"query-input\":{\"@type\":\"PropertyValueSpecification\",\"valueRequired\":true,\"valueName\":\"search_term_string\"}}],\"inLanguage\":\"es\"},{\"@type\":\"Organization\",\"@id\":\"https:\\\/\\\/sheets.market\\\/#organization\",\"name\":\"Sheets.Market\",\"url\":\"https:\\\/\\\/sheets.market\\\/\",\"logo\":{\"@type\":\"ImageObject\",\"inLanguage\":\"es\",\"@id\":\"https:\\\/\\\/sheets.market\\\/#\\\/schema\\\/logo\\\/image\\\/\",\"url\":\"https:\\\/\\\/sheets.market\\\/wp-content\\\/uploads\\\/2024\\\/06\\\/Color-logo-no-background.png?wsr\",\"contentUrl\":\"https:\\\/\\\/sheets.market\\\/wp-content\\\/uploads\\\/2024\\\/06\\\/Color-logo-no-background.png?wsr\",\"width\":1181,\"height\":136,\"caption\":\"Sheets.Market\"},\"image\":{\"@id\":\"https:\\\/\\\/sheets.market\\\/#\\\/schema\\\/logo\\\/image\\\/\"}}]}<\/script>\n<!-- \/ Yoast SEO plugin. -->","yoast_head_json":{"title":"Pr\u00f3ximamente - Sheets.Market","description":"Descubre nuestras plantillas profesionales de planes de negocios, dise\u00f1adas para diversas industrias. Personaliza y adquiere planes de alta calidad para conseguir financiaci\u00f3n de inversores y optimizar tu estrategia empresarial.","robots":{"index":"index","follow":"follow","max-snippet":"max-snippet:-1","max-image-preview":"max-image-preview:large","max-video-preview":"max-video-preview:-1"},"canonical":"https:\/\/sheets.market\/es\/plantillas-de-planes-de-negocios\/","og_locale":"es_ES","og_type":"article","og_title":"Coming Soon - Sheets.Market","og_description":"Shop our professional business plan templates tailored for various industries. Customize and purchase high-quality plans to secure investor funding and streamline your business strategy.","og_url":"https:\/\/sheets.market\/es\/plantillas-de-planes-de-negocios\/","og_site_name":"Sheets.Market","article_modified_time":"2024-07-29T19:26:41+00:00","twitter_card":"summary_large_image","twitter_misc":{"Tiempo de lectura":"1 minuto"},"schema":{"@context":"https:\/\/schema.org","@graph":[{"@type":"WebPage","@id":"https:\/\/sheets.market\/business-plan-templates\/","url":"https:\/\/sheets.market\/business-plan-templates\/","name":"Pr\u00f3ximamente - Sheets.Market","isPartOf":{"@id":"https:\/\/sheets.market\/#website"},"datePublished":"2024-06-18T13:34:59+00:00","dateModified":"2024-07-29T19:26:41+00:00","description":"Descubre nuestras plantillas profesionales de planes de negocios, dise\u00f1adas para diversas industrias. Personaliza y adquiere planes de alta calidad para conseguir financiaci\u00f3n de inversores y optimizar tu estrategia empresarial.","breadcrumb":{"@id":"https:\/\/sheets.market\/business-plan-templates\/#breadcrumb"},"inLanguage":"es","potentialAction":[{"@type":"ReadAction","target":["https:\/\/sheets.market\/business-plan-templates\/"]}]},{"@type":"BreadcrumbList","@id":"https:\/\/sheets.market\/business-plan-templates\/#breadcrumb","itemListElement":[{"@type":"ListItem","position":1,"name":"Home","item":"https:\/\/sheets.market\/"},{"@type":"ListItem","position":2,"name":"Coming Soon"}]},{"@type":"WebSite","@id":"https:\/\/sheets.market\/#website","url":"https:\/\/sheets.market\/","name":"Hojas.Mercado","description":"Modelos financieros y planes de negocios","publisher":{"@id":"https:\/\/sheets.market\/#organization"},"potentialAction":[{"@type":"SearchAction","target":{"@type":"EntryPoint","urlTemplate":"https:\/\/sheets.market\/?s={search_term_string}"},"query-input":{"@type":"PropertyValueSpecification","valueRequired":true,"valueName":"search_term_string"}}],"inLanguage":"es"},{"@type":"Organization","@id":"https:\/\/sheets.market\/#organization","name":"Hojas.Mercado","url":"https:\/\/sheets.market\/","logo":{"@type":"ImageObject","inLanguage":"es","@id":"https:\/\/sheets.market\/#\/schema\/logo\/image\/","url":"https:\/\/sheets.market\/wp-content\/uploads\/2024\/06\/Color-logo-no-background.png?wsr","contentUrl":"https:\/\/sheets.market\/wp-content\/uploads\/2024\/06\/Color-logo-no-background.png?wsr","width":1181,"height":136,"caption":"Sheets.Market"},"image":{"@id":"https:\/\/sheets.market\/#\/schema\/logo\/image\/"}}]}},"_links":{"self":[{"href":"https:\/\/sheets.market\/es\/wp-json\/wp\/v2\/pages\/252","targetHints":{"allow":["GET"]}}],"collection":[{"href":"https:\/\/sheets.market\/es\/wp-json\/wp\/v2\/pages"}],"about":[{"href":"https:\/\/sheets.market\/es\/wp-json\/wp\/v2\/types\/page"}],"author":[{"embeddable":true,"href":"https:\/\/sheets.market\/es\/wp-json\/wp\/v2\/users\/1"}],"replies":[{"embeddable":true,"href":"https:\/\/sheets.market\/es\/wp-json\/wp\/v2\/comments?post=252"}],"version-history":[{"count":2,"href":"https:\/\/sheets.market\/es\/wp-json\/wp\/v2\/pages\/252\/revisions"}],"predecessor-version":[{"id":254,"href":"https:\/\/sheets.market\/es\/wp-json\/wp\/v2\/pages\/252\/revisions\/254"}],"wp:attachment":[{"href":"https:\/\/sheets.market\/es\/wp-json\/wp\/v2\/media?parent=252"}],"curies":[{"name":"gracias","href":"https:\/\/api.w.org\/{rel}","templated":true}]}}