{"id":146,"date":"2024-06-11T12:24:31","date_gmt":"2024-06-11T12:24:31","guid":{"rendered":"https:\/\/simplytest.co.za\/excel\/?page_id=146"},"modified":"2025-10-01T22:20:35","modified_gmt":"2025-10-01T22:20:35","slug":"haufig-gestellte-fragen","status":"publish","type":"page","link":"https:\/\/sheets.market\/de\/faq\/","title":{"rendered":"H\u00e4ufig gestellte Fragen"},"content":{"rendered":"<section class=\"section\" id=\"section_972375577\">\n\t\t<div class=\"bg section-bg fill bg-fill  bg-loaded\" >\n\n\t\t\t\n\t\t\t\n\t\t\t\n\n\t\t<\/div>\n\n\t\t\n\n\t\t<div class=\"section-content relative\">\n\t\t\t\n\n\t<div id=\"gap-1511399017\" class=\"gap-element clearfix\" style=\"display:block; height:auto;\">\n\t\t\n<style>\n#gap-1511399017 {\n  padding-top: 90px;\n}\n<\/style>\n\t<\/div>\n\t\n\n<div class=\"row\"  id=\"row-1327475809\">\n\n\n\t<div id=\"col-1443829746\" class=\"col small-12 large-12\"  >\n\t\t\t\t<div class=\"col-inner\"  >\n\t\t\t\n\t\t\t\n\n<h4>Brauchen Sie HILFE?<\/h4>\n<h2>H\u00e4ufig gestellte Fragen<\/h2>\n\t<div id=\"gap-1197292704\" class=\"gap-element clearfix\" style=\"display:block; height:auto;\">\n\t\t\n<style>\n#gap-1197292704 {\n  padding-top: 30px;\n}\n<\/style>\n\t<\/div>\n\t\n\n<div class=\"accordion\">\n\n\t<div id=\"accordion-4286672418\" class=\"accordion-item\">\n\t\t<a id=\"accordion-4286672418-label\" class=\"accordion-title plain active\" href=\"#accordion-item-what-types-of-financial-model-templates-do-you-offer?\" aria-expanded=\"true\" aria-controls=\"accordion-4286672418-content\" >\n\t\t\t<button class=\"toggle\" aria-label=\"Umschalten\"><i class=\"icon-angle-down\"><\/i><\/button>\n\t\t\t<span>Welche Arten von Finanzmodellvorlagen bieten Sie an?<\/span>\n\t\t<\/a>\n\t\t<div id=\"accordion-4286672418-content\" class=\"accordion-inner\" style=\"display: block;\" aria-labelledby=\"accordion-4286672418-label\" >\n\t\t\t\n\n<p>Wir bieten eine Vielzahl von Vorlagen f\u00fcr Finanzmodelle, die auf verschiedene Arten von Unternehmen zugeschnitten sind, unter anderem Unternehmen aus der Gastronomie, der TMT-Branche, der Automobilbranche, dem Fitnessbereich, dem Einzelhandel, Start-ups und Dienstleistungsunternehmen.<\/p>\n\n\n\t\t<\/div>\n\t<\/div>\n\t\n\t<div id=\"accordion-1455290323\" class=\"accordion-item\">\n\t\t<a id=\"accordion-1455290323-label\" class=\"accordion-title plain\" href=\"#accordion-item-are-your-templates-compatible-with-both-excel-and-google-sheets?\" aria-expanded=\"false\" aria-controls=\"accordion-1455290323-content\" >\n\t\t\t<button class=\"toggle\" aria-label=\"Umschalten\"><i class=\"icon-angle-down\"><\/i><\/button>\n\t\t\t<span>Sind Ihre Vorlagen sowohl mit Excel als auch mit Google Sheets kompatibel?<\/span>\n\t\t<\/a>\n\t\t<div id=\"accordion-1455290323-content\" class=\"accordion-inner\" aria-labelledby=\"accordion-1455290323-label\" >\n\t\t\t\n\n<p>Ja, unsere Vorlagen sind vollst\u00e4ndig kompatibel mit Excel und Google Sheets. Nach dem Kauf laden Sie eine Excel-Datei herunter. Um sie in Google Sheets zu verwenden, folgen Sie einfach diesen Schritten:<\/p>\n<p>\u2013 \u00d6ffnen Sie Google Drive und klicken Sie auf \u201eNeu\u201c.<br \/>\n\u2013 W\u00e4hlen Sie \u201eDatei-Upload\u201c und w\u00e4hlen Sie die heruntergeladene Excel-Datei aus.<br \/>\n\u2013 Klicken Sie nach dem Hochladen mit der rechten Maustaste auf die Datei in Google Drive und w\u00e4hlen Sie \u201e\u00d6ffnen mit\u201c &gt; \u201eGoogle Sheets\u201c.<\/p>\n<p>Die Datei wird in Google Sheets ge\u00f6ffnet und Sie k\u00f6nnen sie jetzt nach Bedarf bearbeiten und anpassen.<\/p>\n\n\n\t\t<\/div>\n\t<\/div>\n\t\n\t<div id=\"accordion-256790021\" class=\"accordion-item\">\n\t\t<a id=\"accordion-256790021-label\" class=\"accordion-title plain\" href=\"#accordion-item-how-do-i-customize-the-financial-model-templates-to-fit-my-business?\" aria-expanded=\"false\" aria-controls=\"accordion-256790021-content\" >\n\t\t\t<button class=\"toggle\" aria-label=\"Umschalten\"><i class=\"icon-angle-down\"><\/i><\/button>\n\t\t\t<span>Wie passe ich die Finanzmodellvorlagen an mein Unternehmen an?<\/span>\n\t\t<\/a>\n\t\t<div id=\"accordion-256790021-content\" class=\"accordion-inner\" aria-labelledby=\"accordion-256790021-label\" >\n\t\t\t\n\n<p>Jede Vorlage enth\u00e4lt detaillierte Anweisungen zur Eingabe Ihrer spezifischen Gesch\u00e4ftsdaten in Form eines Video-Tutorials, das Sie auf der Produktseite finden. Die Vorlagen sind benutzerfreundlich gestaltet und erm\u00f6glichen Ihnen die einfache Anpassung von Prognosen, Ausgaben, Einnahmen und anderen Finanzkennzahlen.<\/p>\n\n\n\t\t<\/div>\n\t<\/div>\n\t\n\t<div id=\"accordion-1111370570\" class=\"accordion-item\">\n\t\t<a id=\"accordion-1111370570-label\" class=\"accordion-title plain\" href=\"#accordion-item-can-these-templates-help-me-secure-a-loan-or-attract-investors?\" aria-expanded=\"false\" aria-controls=\"accordion-1111370570-content\" >\n\t\t\t<button class=\"toggle\" aria-label=\"Umschalten\"><i class=\"icon-angle-down\"><\/i><\/button>\n\t\t\t<span>K\u00f6nnen mir diese Vorlagen dabei helfen, einen Kredit zu bekommen oder Investoren zu gewinnen?<\/span>\n\t\t<\/a>\n\t\t<div id=\"accordion-1111370570-content\" class=\"accordion-inner\" aria-labelledby=\"accordion-1111370570-label\" >\n\t\t\t\n\n<p>Absolut. Unsere Vorlagen enthalten umfassende Finanzprognosen und -analysen und eignen sich daher ideal f\u00fcr die Pr\u00e4sentation vor Banken, Investoren oder Stakeholdern. Sie unterst\u00fctzen Sie mit professioneller Formatierung und gr\u00fcndlicher Marktanalyse bei der Validierung Ihrer Gesch\u00e4ftsstrategie.<\/p>\n\n\n\t\t<\/div>\n\t<\/div>\n\t\n\t<div id=\"accordion-4069043598\" class=\"accordion-item\">\n\t\t<a id=\"accordion-4069043598-label\" class=\"accordion-title plain\" href=\"#accordion-item-what-information-do-i-need-to-input-into-the-templates?\" aria-expanded=\"false\" aria-controls=\"accordion-4069043598-content\" >\n\t\t\t<button class=\"toggle\" aria-label=\"Umschalten\"><i class=\"icon-angle-down\"><\/i><\/button>\n\t\t\t<span>Welche Informationen muss ich in die Vorlagen eingeben?<\/span>\n\t\t<\/a>\n\t\t<div id=\"accordion-4069043598-content\" class=\"accordion-inner\" aria-labelledby=\"accordion-4069043598-label\" >\n\t\t\t\n\n<p>Sie m\u00fcssen verschiedene Finanzdaten Ihres Unternehmens eingeben, z. B. Gr\u00fcndungskosten, Umsatzprognosen, Betriebskosten und Cashflow-Sch\u00e4tzungen. Jede Vorlage enth\u00e4lt klare Hinweise zu den erforderlichen Informationen und deren Einf\u00fcgen in das Modell.<\/p>\n\n\n\t\t<\/div>\n\t<\/div>\n\t\n\t<div id=\"accordion-2818714529\" class=\"accordion-item\">\n\t\t<a id=\"accordion-2818714529-label\" class=\"accordion-title plain\" href=\"#accordion-item-do-you-offer-support-if-i-have-trouble-with-a-template?\" aria-expanded=\"false\" aria-controls=\"accordion-2818714529-content\" >\n\t\t\t<button class=\"toggle\" aria-label=\"Umschalten\"><i class=\"icon-angle-down\"><\/i><\/button>\n\t\t\t<span>Bieten Sie Support an, wenn ich Probleme mit einer Vorlage habe?<\/span>\n\t\t<\/a>\n\t\t<div id=\"accordion-2818714529-content\" class=\"accordion-inner\" aria-labelledby=\"accordion-2818714529-label\" >\n\t\t\t\n\n<p>Ja, wir bieten Kundensupport an, der Ihnen bei allen Problemen oder Fragen zur Verwendung unserer Vorlagen hilft. Sie erreichen uns per E-Mail oder \u00fcber unsere Support-Seite. Der E-Mail-Support ist kostenlos.<\/p>\n\n\n\t\t<\/div>\n\t<\/div>\n\t\n\t<div id=\"accordion-3787309427\" class=\"accordion-item\">\n\t\t<a id=\"accordion-3787309427-label\" class=\"accordion-title plain\" href=\"#accordion-item-can-i-see-a-sample-template-before-purchasing?\" aria-expanded=\"false\" aria-controls=\"accordion-3787309427-content\" >\n\t\t\t<button class=\"toggle\" aria-label=\"Umschalten\"><i class=\"icon-angle-down\"><\/i><\/button>\n\t\t\t<span>Kann ich vor dem Kauf eine Beispielvorlage sehen?<\/span>\n\t\t<\/a>\n\t\t<div id=\"accordion-3787309427-content\" class=\"accordion-inner\" aria-labelledby=\"accordion-3787309427-label\" >\n\t\t\t\n\n<p>Ja, wir stellen Beispielvorlagen ohne Formeln zur Verf\u00fcgung, damit Sie sich vor dem Kauf von der Qualit\u00e4t und Struktur \u00fcberzeugen k\u00f6nnen.<\/p>\n\n\n\t\t<\/div>\n\t<\/div>\n\t\n\t<div id=\"accordion-1688143092\" class=\"accordion-item\">\n\t\t<a id=\"accordion-1688143092-label\" class=\"accordion-title plain\" href=\"#accordion-item-how-often-are-your-templates-updated?\" aria-expanded=\"false\" aria-controls=\"accordion-1688143092-content\" >\n\t\t\t<button class=\"toggle\" aria-label=\"Umschalten\"><i class=\"icon-angle-down\"><\/i><\/button>\n\t\t\t<span>Wie oft werden Ihre Vorlagen aktualisiert?<\/span>\n\t\t<\/a>\n\t\t<div id=\"accordion-1688143092-content\" class=\"accordion-inner\" aria-labelledby=\"accordion-1688143092-label\" >\n\t\t\t\n\n<p>Wir aktualisieren unsere Vorlagen regelm\u00e4\u00dfig, um sicherzustellen, dass sie den neuesten Finanzmodellierungstechniken und Branchenstandards entsprechen. Kunden, die Vorlagen erworben haben, erhalten Updates kostenlos.<\/p>\n\n\n\t\t<\/div>\n\t<\/div>\n\t\n\t<div id=\"accordion-452429920\" class=\"accordion-item\">\n\t\t<a id=\"accordion-452429920-label\" class=\"accordion-title plain\" href=\"#accordion-item-are-there-any-hidden-fees-or-additional-costs?\" aria-expanded=\"false\" aria-controls=\"accordion-452429920-content\" >\n\t\t\t<button class=\"toggle\" aria-label=\"Umschalten\"><i class=\"icon-angle-down\"><\/i><\/button>\n\t\t\t<span>Gibt es versteckte Geb\u00fchren oder zus\u00e4tzliche Kosten?<\/span>\n\t\t<\/a>\n\t\t<div id=\"accordion-452429920-content\" class=\"accordion-inner\" aria-labelledby=\"accordion-452429920-label\" >\n\t\t\t\n\n<p>Nein, es gibt keine versteckten Geb\u00fchren. Der angezeigte Preis ist der Preis, den Sie f\u00fcr die Vorlage zahlen.<\/p>\n\n\n\t\t<\/div>\n\t<\/div>\n\t\n\t<div id=\"accordion-810162788\" class=\"accordion-item\">\n\t\t<a id=\"accordion-810162788-label\" class=\"accordion-title plain\" href=\"#accordion-item-do-you-offer-refunds-if-i&#039;m-not-satisfied-with-the-template?\" aria-expanded=\"false\" aria-controls=\"accordion-810162788-content\" >\n\t\t\t<button class=\"toggle\" aria-label=\"Umschalten\"><i class=\"icon-angle-down\"><\/i><\/button>\n\t\t\t<span>Bieten Sie eine R\u00fcckerstattung an, wenn ich mit der Vorlage nicht zufrieden bin?<\/span>\n\t\t<\/a>\n\t\t<div id=\"accordion-810162788-content\" class=\"accordion-inner\" aria-labelledby=\"accordion-810162788-label\" >\n\t\t\t\n\n<p>Wir bieten keine R\u00fcckerstattungen an. Bitte \u00fcberpr\u00fcfen Sie die Beispielseiten und Produktbeschreibungen vor dem Kauf sorgf\u00e4ltig, um sicherzustellen, dass die Vorlage Ihren Anforderungen entspricht. Sollten Sie nach dem Kauf mit dem gekauften Produkt nicht zufrieden sein, kontaktieren Sie uns bitte, damit wir eine L\u00f6sung finden k\u00f6nnen.<\/p>\n\n\n\t\t<\/div>\n\t<\/div>\n\t\n\t<div id=\"accordion-1294565174\" class=\"accordion-item\">\n\t\t<a id=\"accordion-1294565174-label\" class=\"accordion-title plain\" href=\"#accordion-item-can-i-use-the-templates-for-multiple-businesses?\" aria-expanded=\"false\" aria-controls=\"accordion-1294565174-content\" >\n\t\t\t<button class=\"toggle\" aria-label=\"Umschalten\"><i class=\"icon-angle-down\"><\/i><\/button>\n\t\t\t<span>Kann ich die Vorlagen f\u00fcr mehrere Unternehmen verwenden?<\/span>\n\t\t<\/a>\n\t\t<div id=\"accordion-1294565174-content\" class=\"accordion-inner\" aria-labelledby=\"accordion-1294565174-label\" >\n\t\t\t\n\n<p>Ja, nach dem Kauf k\u00f6nnen Sie die Vorlagen ohne zus\u00e4tzliche Kosten f\u00fcr mehrere Unternehmen verwenden.<\/p>\n\n\n\t\t<\/div>\n\t<\/div>\n\t\n\t<div id=\"accordion-723798504\" class=\"accordion-item\">\n\t\t<a id=\"accordion-723798504-label\" class=\"accordion-title plain\" href=\"#accordion-item-how-do-i-purchase-and-download-a-template?\" aria-expanded=\"false\" aria-controls=\"accordion-723798504-content\" >\n\t\t\t<button class=\"toggle\" aria-label=\"Umschalten\"><i class=\"icon-angle-down\"><\/i><\/button>\n\t\t\t<span>Wie kaufe und lade ich eine Vorlage herunter?<\/span>\n\t\t<\/a>\n\t\t<div id=\"accordion-723798504-content\" class=\"accordion-inner\" aria-labelledby=\"accordion-723798504-label\" >\n\t\t\t\n\n<p>Sie k\u00f6nnen Vorlagen direkt auf unserer Website kaufen und herunterladen. W\u00e4hlen Sie einfach die gew\u00fcnschte Vorlage aus, schlie\u00dfen Sie den Bestellvorgang ab und die Datei wird heruntergeladen.<\/p>\n\n\n\t\t<\/div>\n\t<\/div>\n\t\n\t<div id=\"accordion-3783323790\" class=\"accordion-item\">\n\t\t<a id=\"accordion-3783323790-label\" class=\"accordion-title plain\" href=\"#accordion-item-are-your-templates-suitable-for-both-new-and-established-businesses?\" aria-expanded=\"false\" aria-controls=\"accordion-3783323790-content\" >\n\t\t\t<button class=\"toggle\" aria-label=\"Umschalten\"><i class=\"icon-angle-down\"><\/i><\/button>\n\t\t\t<span>Sind Ihre Vorlagen sowohl f\u00fcr neue als auch f\u00fcr etablierte Unternehmen geeignet?<\/span>\n\t\t<\/a>\n\t\t<div id=\"accordion-3783323790-content\" class=\"accordion-inner\" aria-labelledby=\"accordion-3783323790-label\" >\n\t\t\t\n\n<p>Ja, unsere Vorlagen sind flexibel gestaltet und k\u00f6nnen sowohl von neuen Startups als auch von etablierten Unternehmen verwendet werden, die ihre Finanzstrategien verfeinern m\u00f6chten.<\/p>\n\n\n\t\t<\/div>\n\t<\/div>\n\t\n\t<div id=\"accordion-714510033\" class=\"accordion-item\">\n\t\t<a id=\"accordion-714510033-label\" class=\"accordion-title plain\" href=\"#accordion-item-what-makes-your-templates-different-from-others?\" aria-expanded=\"false\" aria-controls=\"accordion-714510033-content\" >\n\t\t\t<button class=\"toggle\" aria-label=\"Umschalten\"><i class=\"icon-angle-down\"><\/i><\/button>\n\t\t\t<span>Was unterscheidet Ihre Vorlagen von anderen?<\/span>\n\t\t<\/a>\n\t\t<div id=\"accordion-714510033-content\" class=\"accordion-inner\" aria-labelledby=\"accordion-714510033-label\" >\n\t\t\t\n\n<p>Unsere Vorlagen werden von Finanzexperten mit praktischer Gesch\u00e4ftserfahrung erstellt. Sie sind umfassend, benutzerfreundlich und enthalten detaillierte Prognosen und Analysen, die auf spezifische Gesch\u00e4ftstypen zugeschnitten sind.<\/p>\n\n\n\t\t<\/div>\n\t<\/div>\n\t\n\t<div id=\"accordion-1133641648\" class=\"accordion-item\">\n\t\t<a id=\"accordion-1133641648-label\" class=\"accordion-title plain\" href=\"#accordion-item-can-i-request-a-custom-financial-model-template?\" aria-expanded=\"false\" aria-controls=\"accordion-1133641648-content\" >\n\t\t\t<button class=\"toggle\" aria-label=\"Umschalten\"><i class=\"icon-angle-down\"><\/i><\/button>\n\t\t\t<span>Kann ich eine benutzerdefinierte Vorlage f\u00fcr ein Finanzmodell anfordern?<\/span>\n\t\t<\/a>\n\t\t<div id=\"accordion-1133641648-content\" class=\"accordion-inner\" aria-labelledby=\"accordion-1133641648-label\" >\n\t\t\t\n\n<p>Ja, wir bieten individuelle Vorlagengestaltung an. Bitte kontaktieren Sie uns mit Ihren spezifischen Anforderungen. Wir erstellen gemeinsam mit Ihnen ein ma\u00dfgeschneidertes Finanzmodell f\u00fcr Ihr Unternehmen. Weitere Informationen finden Sie hier: https:\/\/sheets.market\/custom-work\/<\/p>\n\n\n\t\t<\/div>\n\t<\/div>\n\t\n\n<\/div>\n\n\t\t<\/div>\n\t\t\t\t\t<\/div>\n\n\t\n\n<\/div>\n\t<div id=\"gap-1236349483\" class=\"gap-element clearfix\" style=\"display:block; height:auto;\">\n\t\t\n<style>\n#gap-1236349483 {\n  padding-top: 60px;\n}\n<\/style>\n\t<\/div>\n\t\n\n\n\t\t<\/div>\n\n\t\t\n<style>\n#section_972375577 {\n  padding-top: 0px;\n  padding-bottom: 0px;\n}\n<\/style>\n\t<\/section>","protected":false},"excerpt":{"rendered":"","protected":false},"author":1,"featured_media":0,"parent":0,"menu_order":0,"comment_status":"closed","ping_status":"closed","template":"page-blank.php","meta":{"footnotes":""},"class_list":["post-146","page","type-page","status-publish","hentry"],"yoast_head":"<!-- This site is optimized with the Yoast SEO plugin v27.5 - https:\/\/yoast.com\/product\/yoast-seo-wordpress\/ -->\n<title>FAQ \u2013 Financial Model Templates &amp; Business Plans | Sheets.Market<\/title>\n<meta name=\"description\" content=\"Find answers to your questions about financial model templates, business plans, customization, and purchases. Sheets.Market\u2019s FAQ helps you use our tools confidently.\" \/>\n<meta name=\"robots\" content=\"index, follow, max-snippet:-1, max-image-preview:large, max-video-preview:-1\" \/>\n<link rel=\"canonical\" href=\"https:\/\/sheets.market\/de\/haufig-gestellte-fragen\/\" \/>\n<meta property=\"og:locale\" content=\"de_DE\" \/>\n<meta property=\"og:type\" content=\"article\" \/>\n<meta property=\"og:title\" content=\"FAQ \u2013 Financial Model Templates &amp; Business Plans | Sheets.Market\" \/>\n<meta property=\"og:description\" content=\"Find answers to your questions about financial model templates, business plans, customization, and purchases. Sheets.Market\u2019s FAQ helps you use our tools confidently.\" \/>\n<meta property=\"og:url\" content=\"https:\/\/sheets.market\/de\/haufig-gestellte-fragen\/\" \/>\n<meta property=\"og:site_name\" content=\"Sheets.Market\" \/>\n<meta property=\"article:modified_time\" content=\"2025-10-01T22:20:35+00:00\" \/>\n<meta name=\"twitter:card\" content=\"summary_large_image\" \/>\n<meta name=\"twitter:label1\" content=\"Gesch\u00e4tzte Lesezeit\" \/>\n\t<meta name=\"twitter:data1\" content=\"4\u00a0Minuten\" \/>\n<script type=\"application\/ld+json\" class=\"yoast-schema-graph\">{\"@context\":\"https:\\\/\\\/schema.org\",\"@graph\":[{\"@type\":\"WebPage\",\"@id\":\"https:\\\/\\\/sheets.market\\\/faq\\\/\",\"url\":\"https:\\\/\\\/sheets.market\\\/faq\\\/\",\"name\":\"FAQ \u2013 Financial Model Templates & Business Plans | Sheets.Market\",\"isPartOf\":{\"@id\":\"https:\\\/\\\/sheets.market\\\/#website\"},\"datePublished\":\"2024-06-11T12:24:31+00:00\",\"dateModified\":\"2025-10-01T22:20:35+00:00\",\"description\":\"Find answers to your questions about financial model templates, business plans, customization, and purchases. Sheets.Market\u2019s FAQ helps you use our tools confidently.\",\"breadcrumb\":{\"@id\":\"https:\\\/\\\/sheets.market\\\/faq\\\/#breadcrumb\"},\"inLanguage\":\"de\",\"potentialAction\":[{\"@type\":\"ReadAction\",\"target\":[\"https:\\\/\\\/sheets.market\\\/faq\\\/\"]}]},{\"@type\":\"BreadcrumbList\",\"@id\":\"https:\\\/\\\/sheets.market\\\/faq\\\/#breadcrumb\",\"itemListElement\":[{\"@type\":\"ListItem\",\"position\":1,\"name\":\"Home\",\"item\":\"https:\\\/\\\/sheets.market\\\/\"},{\"@type\":\"ListItem\",\"position\":2,\"name\":\"FAQ\"}]},{\"@type\":\"WebSite\",\"@id\":\"https:\\\/\\\/sheets.market\\\/#website\",\"url\":\"https:\\\/\\\/sheets.market\\\/\",\"name\":\"Sheets.Market\",\"description\":\"Financial Models and Business Plans\",\"publisher\":{\"@id\":\"https:\\\/\\\/sheets.market\\\/#organization\"},\"potentialAction\":[{\"@type\":\"SearchAction\",\"target\":{\"@type\":\"EntryPoint\",\"urlTemplate\":\"https:\\\/\\\/sheets.market\\\/?s={search_term_string}\"},\"query-input\":{\"@type\":\"PropertyValueSpecification\",\"valueRequired\":true,\"valueName\":\"search_term_string\"}}],\"inLanguage\":\"de\"},{\"@type\":\"Organization\",\"@id\":\"https:\\\/\\\/sheets.market\\\/#organization\",\"name\":\"Sheets.Market\",\"url\":\"https:\\\/\\\/sheets.market\\\/\",\"logo\":{\"@type\":\"ImageObject\",\"inLanguage\":\"de\",\"@id\":\"https:\\\/\\\/sheets.market\\\/#\\\/schema\\\/logo\\\/image\\\/\",\"url\":\"https:\\\/\\\/sheets.market\\\/wp-content\\\/uploads\\\/2024\\\/06\\\/Color-logo-no-background.png?wsr\",\"contentUrl\":\"https:\\\/\\\/sheets.market\\\/wp-content\\\/uploads\\\/2024\\\/06\\\/Color-logo-no-background.png?wsr\",\"width\":1181,\"height\":136,\"caption\":\"Sheets.Market\"},\"image\":{\"@id\":\"https:\\\/\\\/sheets.market\\\/#\\\/schema\\\/logo\\\/image\\\/\"}}]}<\/script>\n<!-- \/ Yoast SEO plugin. -->","yoast_head_json":{"title":"FAQ \u2013 Financial Model Templates & Business Plans | Sheets.Market","description":"Find answers to your questions about financial model templates, business plans, customization, and purchases. Sheets.Market\u2019s FAQ helps you use our tools confidently.","robots":{"index":"index","follow":"follow","max-snippet":"max-snippet:-1","max-image-preview":"max-image-preview:large","max-video-preview":"max-video-preview:-1"},"canonical":"https:\/\/sheets.market\/de\/haufig-gestellte-fragen\/","og_locale":"de_DE","og_type":"article","og_title":"FAQ \u2013 Financial Model Templates & Business Plans | Sheets.Market","og_description":"Find answers to your questions about financial model templates, business plans, customization, and purchases. Sheets.Market\u2019s FAQ helps you use our tools confidently.","og_url":"https:\/\/sheets.market\/de\/haufig-gestellte-fragen\/","og_site_name":"Sheets.Market","article_modified_time":"2025-10-01T22:20:35+00:00","twitter_card":"summary_large_image","twitter_misc":{"Gesch\u00e4tzte Lesezeit":"4\u00a0Minuten"},"schema":{"@context":"https:\/\/schema.org","@graph":[{"@type":"WebPage","@id":"https:\/\/sheets.market\/faq\/","url":"https:\/\/sheets.market\/faq\/","name":"FAQ \u2013 Financial Model Templates & Business Plans | Sheets.Market","isPartOf":{"@id":"https:\/\/sheets.market\/#website"},"datePublished":"2024-06-11T12:24:31+00:00","dateModified":"2025-10-01T22:20:35+00:00","description":"Find answers to your questions about financial model templates, business plans, customization, and purchases. Sheets.Market\u2019s FAQ helps you use our tools confidently.","breadcrumb":{"@id":"https:\/\/sheets.market\/faq\/#breadcrumb"},"inLanguage":"de","potentialAction":[{"@type":"ReadAction","target":["https:\/\/sheets.market\/faq\/"]}]},{"@type":"BreadcrumbList","@id":"https:\/\/sheets.market\/faq\/#breadcrumb","itemListElement":[{"@type":"ListItem","position":1,"name":"Home","item":"https:\/\/sheets.market\/"},{"@type":"ListItem","position":2,"name":"FAQ"}]},{"@type":"WebSite","@id":"https:\/\/sheets.market\/#website","url":"https:\/\/sheets.market\/","name":"Tabellen.Markt","description":"Finanzmodelle und Gesch\u00e4ftspl\u00e4ne","publisher":{"@id":"https:\/\/sheets.market\/#organization"},"potentialAction":[{"@type":"SearchAction","target":{"@type":"EntryPoint","urlTemplate":"https:\/\/sheets.market\/?s={search_term_string}"},"query-input":{"@type":"PropertyValueSpecification","valueRequired":true,"valueName":"search_term_string"}}],"inLanguage":"de"},{"@type":"Organization","@id":"https:\/\/sheets.market\/#organization","name":"Tabellen.Markt","url":"https:\/\/sheets.market\/","logo":{"@type":"ImageObject","inLanguage":"de","@id":"https:\/\/sheets.market\/#\/schema\/logo\/image\/","url":"https:\/\/sheets.market\/wp-content\/uploads\/2024\/06\/Color-logo-no-background.png?wsr","contentUrl":"https:\/\/sheets.market\/wp-content\/uploads\/2024\/06\/Color-logo-no-background.png?wsr","width":1181,"height":136,"caption":"Sheets.Market"},"image":{"@id":"https:\/\/sheets.market\/#\/schema\/logo\/image\/"}}]}},"_links":{"self":[{"href":"https:\/\/sheets.market\/de\/wp-json\/wp\/v2\/pages\/146","targetHints":{"allow":["GET"]}}],"collection":[{"href":"https:\/\/sheets.market\/de\/wp-json\/wp\/v2\/pages"}],"about":[{"href":"https:\/\/sheets.market\/de\/wp-json\/wp\/v2\/types\/page"}],"author":[{"embeddable":true,"href":"https:\/\/sheets.market\/de\/wp-json\/wp\/v2\/users\/1"}],"replies":[{"embeddable":true,"href":"https:\/\/sheets.market\/de\/wp-json\/wp\/v2\/comments?post=146"}],"version-history":[{"count":5,"href":"https:\/\/sheets.market\/de\/wp-json\/wp\/v2\/pages\/146\/revisions"}],"predecessor-version":[{"id":536,"href":"https:\/\/sheets.market\/de\/wp-json\/wp\/v2\/pages\/146\/revisions\/536"}],"wp:attachment":[{"href":"https:\/\/sheets.market\/de\/wp-json\/wp\/v2\/media?parent=146"}],"curies":[{"name":"wp","href":"https:\/\/api.w.org\/{rel}","templated":true}]}}